{"id":625,"date":"2021-03-02T23:05:37","date_gmt":"2021-03-02T23:05:37","guid":{"rendered":"http:\/\/ace-of-diamonds.com\/?page_id=625"},"modified":"2021-06-14T16:09:52","modified_gmt":"2021-06-14T14:09:52","slug":"numizmatika","status":"publish","type":"page","link":"https:\/\/ace-of-diamonds.com\/en\/usluge\/numizmatika\/","title":{"rendered":"Numismatics"},"content":{"rendered":"<div data-elementor-type=\"wp-page\" data-elementor-id=\"625\" data-post-id=\"625\" data-obj-id=\"625\" class=\"elementor elementor-625 dce-elementor-post-625\" data-elementor-settings=\"[]\">\n\t\t\t\t\t\t<div class=\"elementor-inner\">\n\t\t\t\t\t\t\t<div class=\"elementor-section-wrap\">\n\t\t\t\t\t\t\t<section data-dce-background-overlay-color=\"#000000\" data-dce-background-image-url=\"https:\/\/ace-of-diamonds.com\/wp-content\/uploads\/2021\/05\/numiz.-header-za-sada.jpg\" class=\"elementor-section elementor-top-section elementor-element elementor-element-e27f80e elementor-reverse-mobile elementor-section-boxed elementor-section-height-default elementor-section-height-default\" data-id=\"e27f80e\" data-element_type=\"section\" data-settings=\"{&quot;background_background&quot;:&quot;classic&quot;}\">\n\t\t\t\t\t\t\t<div class=\"elementor-background-overlay\"><\/div>\n\t\t\t\t\t\t\t<div class=\"elementor-container elementor-column-gap-default\">\n\t\t\t\t\t\t\t<div class=\"elementor-row\">\n\t\t\t\t\t<div class=\"elementor-column elementor-col-100 elementor-top-column elementor-element elementor-element-d2085bf\" data-id=\"d2085bf\" data-element_type=\"column\">\n\t\t\t<div class=\"elementor-column-wrap elementor-element-populated\">\n\t\t\t\t\t\t\t<div class=\"elementor-widget-wrap\">\n\t\t\t\t\t\t<div class=\"elementor-element elementor-element-7c8f589 elementor-widget elementor-widget-heading\" data-id=\"7c8f589\" data-element_type=\"widget\" data-widget_type=\"heading.default\">\n\t\t\t\t<div class=\"elementor-widget-container\">\n\t\t\t<h2 class=\"elementor-heading-title elementor-size-default\">Numismatics<\/h2>\t\t<\/div>\n\t\t\t\t<\/div>\n\t\t\t\t<div class=\"elementor-element elementor-element-51c0f3f elementor-absolute elementor-widget elementor-widget-heading\" data-id=\"51c0f3f\" data-element_type=\"widget\" data-settings=\"{&quot;_position&quot;:&quot;absolute&quot;}\" data-widget_type=\"heading.default\">\n\t\t\t\t<div class=\"elementor-widget-container\">\n\t\t\t<h2 class=\"elementor-heading-title elementor-size-default\">Numismatics<\/h2>\t\t<\/div>\n\t\t\t\t<\/div>\n\t\t\t\t<div class=\"elementor-element elementor-element-45e7aad elementor-align-center elementor-widget elementor-widget-breadcrumbs\" data-id=\"45e7aad\" data-element_type=\"widget\" data-widget_type=\"breadcrumbs.default\">\n\t\t\t\t<div class=\"elementor-widget-container\">\n\t\t\t<p id=\"breadcrumbs\"><span><span><a href=\"https:\/\/ace-of-diamonds.com\/en\/\">Home<\/a><\/span><\/p>\t\t<\/div>\n\t\t\t\t<\/div>\n\t\t\t\t\t\t<\/div>\n\t\t\t\t\t<\/div>\n\t\t<\/div>\n\t\t\t\t\t\t\t\t<\/div>\n\t\t\t\t\t<\/div>\n\t\t<\/section>\n\t\t\t\t<section class=\"elementor-section elementor-top-section elementor-element elementor-element-d0d708f elementor-section-boxed elementor-section-height-default elementor-section-height-default\" data-id=\"d0d708f\" data-element_type=\"section\">\n\t\t\t\t\t\t<div class=\"elementor-container elementor-column-gap-default\">\n\t\t\t\t\t\t\t<div class=\"elementor-row\">\n\t\t\t\t\t<div class=\"elementor-column elementor-col-100 elementor-top-column elementor-element elementor-element-d1a16bd\" data-id=\"d1a16bd\" data-element_type=\"column\">\n\t\t\t<div class=\"elementor-column-wrap elementor-element-populated\">\n\t\t\t\t\t\t\t<div class=\"elementor-widget-wrap\">\n\t\t\t\t\t\t<div class=\"elementor-element elementor-element-58466cb elementor-invisible elementor-widget elementor-widget-heading\" data-id=\"58466cb\" data-element_type=\"widget\" data-settings=\"{&quot;_animation&quot;:&quot;fadeInDown&quot;}\" data-widget_type=\"heading.default\">\n\t\t\t\t<div class=\"elementor-widget-container\">\n\t\t\t<h2 class=\"elementor-heading-title elementor-size-default\">Featured<\/h2>\t\t<\/div>\n\t\t\t\t<\/div>\n\t\t\t\t<div class=\"elementor-element elementor-element-eaac82c elementor-invisible elementor-widget elementor-widget-heading\" data-id=\"eaac82c\" data-element_type=\"widget\" data-settings=\"{&quot;_animation&quot;:&quot;fadeInUp&quot;}\" data-widget_type=\"heading.default\">\n\t\t\t\t<div class=\"elementor-widget-container\">\n\t\t\t<h2 class=\"elementor-heading-title elementor-size-default\">The world of numismatics<\/h2>\t\t<\/div>\n\t\t\t\t<\/div>\n\t\t\t\t\t\t<\/div>\n\t\t\t\t\t<\/div>\n\t\t<\/div>\n\t\t\t\t\t\t\t\t<\/div>\n\t\t\t\t\t<\/div>\n\t\t<\/section>\n\t\t\t\t<section class=\"elementor-section elementor-top-section elementor-element elementor-element-d8815af elementor-section-boxed elementor-section-height-default elementor-section-height-default\" data-id=\"d8815af\" data-element_type=\"section\">\n\t\t\t\t\t\t<div class=\"elementor-container elementor-column-gap-default\">\n\t\t\t\t\t\t\t<div class=\"elementor-row\">\n\t\t\t\t\t<div class=\"elementor-column elementor-col-50 elementor-top-column elementor-element elementor-element-602f53e\" data-id=\"602f53e\" data-element_type=\"column\">\n\t\t\t<div class=\"elementor-column-wrap elementor-element-populated\">\n\t\t\t\t\t\t\t<div class=\"elementor-widget-wrap\">\n\t\t\t\t\t\t<div class=\"elementor-element elementor-element-628261b dce_masking-none elementor-widget elementor-widget-image\" data-id=\"628261b\" data-element_type=\"widget\" data-widget_type=\"image.default\">\n\t\t\t\t<div class=\"elementor-widget-container\">\n\t\t\t\t\t\t\t\t<div class=\"elementor-image\">\n\t\t\t\t\t\t\t\t\t\t\t\t<img loading=\"lazy\" decoding=\"async\" width=\"853\" height=\"1281\" src=\"https:\/\/ace-of-diamonds.com\/wp-content\/uploads\/2021\/05\/numiz.-predstavna-slika-prije-staticna-za-sada.jpg\" class=\"attachment-full size-full\" alt=\"\" \/>\t\t\t\t\t\t\t\t\t\t\t\t\t\t<\/div>\n\t\t\t\t\t\t<\/div>\n\t\t\t\t<\/div>\n\t\t\t\t\t\t<\/div>\n\t\t\t\t\t<\/div>\n\t\t<\/div>\n\t\t\t\t<div data-dce-background-color=\"#252535\" class=\"elementor-column elementor-col-50 elementor-top-column elementor-element elementor-element-cfcbeb9\" data-id=\"cfcbeb9\" data-element_type=\"column\" data-settings=\"{&quot;background_background&quot;:&quot;classic&quot;}\">\n\t\t\t<div class=\"elementor-column-wrap elementor-element-populated\">\n\t\t\t\t\t\t\t<div class=\"elementor-widget-wrap\">\n\t\t\t\t\t\t<div class=\"elementor-element elementor-element-49bb63c elementor-widget-divider--separator-type-pattern elementor-widget-divider--view-line elementor-widget elementor-widget-divider\" data-id=\"49bb63c\" data-element_type=\"widget\" data-widget_type=\"divider.default\">\n\t\t\t\t<div class=\"elementor-widget-container\">\n\t\t\t\t\t<div class=\"elementor-divider\" style=\"--divider-pattern-url: url(&quot;data:image\/svg+xml,%3Csvg xmlns=&#039;http:\/\/www.w3.org\/2000\/svg&#039; preserveAspectRatio=&#039;none&#039; overflow=&#039;visible&#039; height=&#039;100%&#039; viewBox=&#039;0 0 24 24&#039; fill=&#039;black&#039; stroke=&#039;none&#039;%3E%3Cpath d=&#039;M12.7,2.3c-0.4-0.4-1.1-0.4-1.5,0l-8,9.1c-0.3,0.4-0.3,0.9,0,1.2l8,9.1c0.4,0.4,1.1,0.4,1.5,0l8-9.1c0.3-0.4,0.3-0.9,0-1.2L12.7,2.3z&#039;\/%3E%3C\/svg%3E&quot;);\">\n\t\t\t<span class=\"elementor-divider-separator\">\n\t\t\t\t\t\t<\/span>\n\t\t<\/div>\n\t\t\t\t<\/div>\n\t\t\t\t<\/div>\n\t\t\t\t<div class=\"elementor-element elementor-element-ddb65eb elementor-widget elementor-widget-heading\" data-id=\"ddb65eb\" data-element_type=\"widget\" data-widget_type=\"heading.default\">\n\t\t\t\t<div class=\"elementor-widget-container\">\n\t\t\t<h2 class=\"elementor-heading-title elementor-size-default\">Information<\/h2>\t\t<\/div>\n\t\t\t\t<\/div>\n\t\t\t\t<div class=\"elementor-element elementor-element-700745c elementor-widget elementor-widget-text-editor\" data-id=\"700745c\" data-element_type=\"widget\" data-widget_type=\"text-editor.default\">\n\t\t\t\t<div class=\"elementor-widget-container\">\n\t\t\t\t\t\t\t\t<div class=\"elementor-text-editor elementor-clearfix\">\n\t\t\t\t<p>The restoration and conservation of numismatics is most common in archaeological material, whether terrestrial or underwater, where mechanical methods adapted for numismatics are used to reveal the relief on the coin, from which experts can then precisely determine its origin, age and rarity. The material from which the coin is made is mostly copper and its alloys, and less so silver or alloys of silver and copper. Conservation is not too different from that applied to other objects made of the same material.<\/p>\t\t\t\t\t<\/div>\n\t\t\t\t\t\t<\/div>\n\t\t\t\t<\/div>\n\t\t\t\t<div class=\"elementor-element elementor-element-efe52c8 elementor-align-left elementor-widget elementor-widget-button\" data-id=\"efe52c8\" data-element_type=\"widget\" data-widget_type=\"button.default\">\n\t\t\t\t<div class=\"elementor-widget-container\">\n\t\t\t\t\t<div class=\"elementor-button-wrapper\">\n\t\t\t<a href=\"https:\/\/ace-of-diamonds.com\/en\/projekt\/restauriranje\/numizmatika\/\" class=\"elementor-button-link elementor-button elementor-size-sm elementor-animation-grow\" role=\"button\">\n\t\t\t\t\t\t<span class=\"elementor-button-content-wrapper\">\n\t\t\t\t\t\t<span class=\"elementor-button-icon elementor-align-icon-left\">\n\t\t\t\t<i aria-hidden=\"true\" class=\"fas fa-long-arrow-alt-right\"><\/i>\t\t\t<\/span>\n\t\t\t\t\t\t<span class=\"elementor-button-text\">All works<\/span>\n\t\t<\/span>\n\t\t\t\t\t<\/a>\n\t\t<\/div>\n\t\t\t\t<\/div>\n\t\t\t\t<\/div>\n\t\t\t\t\t\t<\/div>\n\t\t\t\t\t<\/div>\n\t\t<\/div>\n\t\t\t\t\t\t\t\t<\/div>\n\t\t\t\t\t<\/div>\n\t\t<\/section>\n\t\t\t\t\t\t<\/div>\n\t\t\t\t\t\t<\/div>\n\t\t\t\t\t<\/div>","protected":false},"excerpt":{"rendered":"<p>Numizmatika Numizmatika Izbor Svijet numizmatike Informacije Restauriranje i konzerviranje numizmatike najzastupljenija je kod arheolo\u0161kog materijala kopnenog ili podvodnog gdje se mehani\u010dkim metodama prilago\u0111enim za numizmatiku dolazi do otkrivanja reljefa koji se na kovanom novcu nalazi, odakle stru\u010dnjaci dalje mogu precizno odrediti njegovo porijeklo starost i rijetkost. Materijal od kojeg je novac izra\u0111en u ve\u0107oj je [&hellip;]<\/p>","protected":false},"author":2,"featured_media":0,"parent":382,"menu_order":0,"comment_status":"closed","ping_status":"closed","template":"","meta":{"footnotes":""},"class_list":["post-625","page","type-page","status-publish","hentry"],"yoast_head":"<!-- This site is optimized with the Yoast SEO plugin v16.9 - https:\/\/yoast.com\/wordpress\/plugins\/seo\/ -->\n<title>Numizmatika &ndash; Ace of diamonds<\/title>\n<meta name=\"robots\" content=\"index, follow, max-snippet:-1, max-image-preview:large, max-video-preview:-1\" \/>\n<link rel=\"canonical\" href=\"https:\/\/ace-of-diamonds.com\/en\/usluge\/numizmatika\/\" \/>\n<meta property=\"og:locale\" content=\"en_US\" \/>\n<meta property=\"og:type\" content=\"article\" \/>\n<meta property=\"og:title\" content=\"Numizmatika &ndash; Ace of diamonds\" \/>\n<meta property=\"og:description\" content=\"Numizmatika Numizmatika Izbor Svijet numizmatike Informacije Restauriranje i konzerviranje numizmatike najzastupljenija je kod arheolo\u0161kog materijala kopnenog ili podvodnog gdje se mehani\u010dkim metodama prilago\u0111enim za numizmatiku dolazi do otkrivanja reljefa koji se na kovanom novcu nalazi, odakle stru\u010dnjaci dalje mogu precizno odrediti njegovo porijeklo starost i rijetkost. Materijal od kojeg je novac izra\u0111en u ve\u0107oj je [&hellip;]\" \/>\n<meta property=\"og:url\" content=\"https:\/\/ace-of-diamonds.com\/en\/usluge\/numizmatika\/\" \/>\n<meta property=\"og:site_name\" content=\"Ace of diamonds\" \/>\n<meta property=\"article:modified_time\" content=\"2021-06-14T14:09:52+00:00\" \/>\n<meta property=\"og:image\" content=\"https:\/\/ace-of-diamonds.com\/wp-content\/uploads\/2021\/05\/numiz.-predstavna-slika-prije-staticna-za-sada.jpg\" \/>\n<meta name=\"twitter:card\" content=\"summary_large_image\" \/>\n<meta name=\"twitter:label1\" content=\"Est. reading time\" \/>\n\t<meta name=\"twitter:data1\" content=\"1 minute\" \/>\n<script type=\"application\/ld+json\" class=\"yoast-schema-graph\">{\"@context\":\"https:\/\/schema.org\",\"@graph\":[{\"@type\":\"Organization\",\"@id\":\"https:\/\/ace-of-diamonds.com\/#organization\",\"name\":\"Ace of diamonds\",\"url\":\"https:\/\/ace-of-diamonds.com\/\",\"sameAs\":[],\"logo\":{\"@type\":\"ImageObject\",\"@id\":\"https:\/\/ace-of-diamonds.com\/#logo\",\"inLanguage\":\"en-US\",\"url\":\"https:\/\/ace-of-diamonds.com\/wp-content\/uploads\/2021\/01\/Logo-Ace-of-diamonds.png\",\"contentUrl\":\"https:\/\/ace-of-diamonds.com\/wp-content\/uploads\/2021\/01\/Logo-Ace-of-diamonds.png\",\"width\":125,\"height\":124,\"caption\":\"Ace of diamonds\"},\"image\":{\"@id\":\"https:\/\/ace-of-diamonds.com\/#logo\"}},{\"@type\":\"WebSite\",\"@id\":\"https:\/\/ace-of-diamonds.com\/#website\",\"url\":\"https:\/\/ace-of-diamonds.com\/\",\"name\":\"Ace of diamonds\",\"description\":\"\",\"publisher\":{\"@id\":\"https:\/\/ace-of-diamonds.com\/#organization\"},\"potentialAction\":[{\"@type\":\"SearchAction\",\"target\":{\"@type\":\"EntryPoint\",\"urlTemplate\":\"https:\/\/ace-of-diamonds.com\/?s={search_term_string}\"},\"query-input\":\"required name=search_term_string\"}],\"inLanguage\":\"en-US\"},{\"@type\":\"ImageObject\",\"@id\":\"https:\/\/ace-of-diamonds.com\/usluge\/numizmatika\/#primaryimage\",\"inLanguage\":\"en-US\",\"url\":\"https:\/\/ace-of-diamonds.com\/wp-content\/uploads\/2021\/05\/numiz.-predstavna-slika-prije-staticna-za-sada.jpg\",\"contentUrl\":\"https:\/\/ace-of-diamonds.com\/wp-content\/uploads\/2021\/05\/numiz.-predstavna-slika-prije-staticna-za-sada.jpg\",\"width\":853,\"height\":1281},{\"@type\":\"WebPage\",\"@id\":\"https:\/\/ace-of-diamonds.com\/usluge\/numizmatika\/#webpage\",\"url\":\"https:\/\/ace-of-diamonds.com\/usluge\/numizmatika\/\",\"name\":\"Numizmatika &ndash; Ace of diamonds\",\"isPartOf\":{\"@id\":\"https:\/\/ace-of-diamonds.com\/#website\"},\"primaryImageOfPage\":{\"@id\":\"https:\/\/ace-of-diamonds.com\/usluge\/numizmatika\/#primaryimage\"},\"datePublished\":\"2021-03-02T23:05:37+00:00\",\"dateModified\":\"2021-06-14T14:09:52+00:00\",\"breadcrumb\":{\"@id\":\"https:\/\/ace-of-diamonds.com\/usluge\/numizmatika\/#breadcrumb\"},\"inLanguage\":\"en-US\",\"potentialAction\":[{\"@type\":\"ReadAction\",\"target\":[\"https:\/\/ace-of-diamonds.com\/usluge\/numizmatika\/\"]}]},{\"@type\":\"BreadcrumbList\",\"@id\":\"https:\/\/ace-of-diamonds.com\/usluge\/numizmatika\/#breadcrumb\",\"itemListElement\":[{\"@type\":\"ListItem\",\"position\":1,\"name\":\"Po\\u010detna\",\"item\":\"https:\/\/ace-of-diamonds.com\/\"},{\"@type\":\"ListItem\",\"position\":2,\"name\":\"Usluge\",\"item\":\"https:\/\/ace-of-diamonds.com\/usluge\/\"},{\"@type\":\"ListItem\",\"position\":3,\"name\":\"Numizmatika\"}]}]}<\/script>\n<!-- \/ Yoast SEO plugin. -->","yoast_head_json":{"title":"Numizmatika &ndash; Ace of diamonds","robots":{"index":"index","follow":"follow","max-snippet":"max-snippet:-1","max-image-preview":"max-image-preview:large","max-video-preview":"max-video-preview:-1"},"canonical":"https:\/\/ace-of-diamonds.com\/en\/usluge\/numizmatika\/","og_locale":"en_US","og_type":"article","og_title":"Numizmatika &ndash; Ace of diamonds","og_description":"Numizmatika Numizmatika Izbor Svijet numizmatike Informacije Restauriranje i konzerviranje numizmatike najzastupljenija je kod arheolo\u0161kog materijala kopnenog ili podvodnog gdje se mehani\u010dkim metodama prilago\u0111enim za numizmatiku dolazi do otkrivanja reljefa koji se na kovanom novcu nalazi, odakle stru\u010dnjaci dalje mogu precizno odrediti njegovo porijeklo starost i rijetkost. Materijal od kojeg je novac izra\u0111en u ve\u0107oj je [&hellip;]","og_url":"https:\/\/ace-of-diamonds.com\/en\/usluge\/numizmatika\/","og_site_name":"Ace of diamonds","article_modified_time":"2021-06-14T14:09:52+00:00","og_image":[{"url":"https:\/\/ace-of-diamonds.com\/wp-content\/uploads\/2021\/05\/numiz.-predstavna-slika-prije-staticna-za-sada.jpg"}],"twitter_card":"summary_large_image","twitter_misc":{"Est. reading time":"1 minute"},"schema":{"@context":"https:\/\/schema.org","@graph":[{"@type":"Organization","@id":"https:\/\/ace-of-diamonds.com\/#organization","name":"Ace of diamonds","url":"https:\/\/ace-of-diamonds.com\/","sameAs":[],"logo":{"@type":"ImageObject","@id":"https:\/\/ace-of-diamonds.com\/#logo","inLanguage":"en-US","url":"https:\/\/ace-of-diamonds.com\/wp-content\/uploads\/2021\/01\/Logo-Ace-of-diamonds.png","contentUrl":"https:\/\/ace-of-diamonds.com\/wp-content\/uploads\/2021\/01\/Logo-Ace-of-diamonds.png","width":125,"height":124,"caption":"Ace of diamonds"},"image":{"@id":"https:\/\/ace-of-diamonds.com\/#logo"}},{"@type":"WebSite","@id":"https:\/\/ace-of-diamonds.com\/#website","url":"https:\/\/ace-of-diamonds.com\/","name":"Ace of diamonds","description":"","publisher":{"@id":"https:\/\/ace-of-diamonds.com\/#organization"},"potentialAction":[{"@type":"SearchAction","target":{"@type":"EntryPoint","urlTemplate":"https:\/\/ace-of-diamonds.com\/?s={search_term_string}"},"query-input":"required name=search_term_string"}],"inLanguage":"en-US"},{"@type":"ImageObject","@id":"https:\/\/ace-of-diamonds.com\/usluge\/numizmatika\/#primaryimage","inLanguage":"en-US","url":"https:\/\/ace-of-diamonds.com\/wp-content\/uploads\/2021\/05\/numiz.-predstavna-slika-prije-staticna-za-sada.jpg","contentUrl":"https:\/\/ace-of-diamonds.com\/wp-content\/uploads\/2021\/05\/numiz.-predstavna-slika-prije-staticna-za-sada.jpg","width":853,"height":1281},{"@type":"WebPage","@id":"https:\/\/ace-of-diamonds.com\/usluge\/numizmatika\/#webpage","url":"https:\/\/ace-of-diamonds.com\/usluge\/numizmatika\/","name":"Numizmatika &ndash; Ace of diamonds","isPartOf":{"@id":"https:\/\/ace-of-diamonds.com\/#website"},"primaryImageOfPage":{"@id":"https:\/\/ace-of-diamonds.com\/usluge\/numizmatika\/#primaryimage"},"datePublished":"2021-03-02T23:05:37+00:00","dateModified":"2021-06-14T14:09:52+00:00","breadcrumb":{"@id":"https:\/\/ace-of-diamonds.com\/usluge\/numizmatika\/#breadcrumb"},"inLanguage":"en-US","potentialAction":[{"@type":"ReadAction","target":["https:\/\/ace-of-diamonds.com\/usluge\/numizmatika\/"]}]},{"@type":"BreadcrumbList","@id":"https:\/\/ace-of-diamonds.com\/usluge\/numizmatika\/#breadcrumb","itemListElement":[{"@type":"ListItem","position":1,"name":"Po\u010detna","item":"https:\/\/ace-of-diamonds.com\/"},{"@type":"ListItem","position":2,"name":"Usluge","item":"https:\/\/ace-of-diamonds.com\/usluge\/"},{"@type":"ListItem","position":3,"name":"Numizmatika"}]}]}},"_links":{"self":[{"href":"https:\/\/ace-of-diamonds.com\/en\/wp-json\/wp\/v2\/pages\/625","targetHints":{"allow":["GET"]}}],"collection":[{"href":"https:\/\/ace-of-diamonds.com\/en\/wp-json\/wp\/v2\/pages"}],"about":[{"href":"https:\/\/ace-of-diamonds.com\/en\/wp-json\/wp\/v2\/types\/page"}],"author":[{"embeddable":true,"href":"https:\/\/ace-of-diamonds.com\/en\/wp-json\/wp\/v2\/users\/2"}],"replies":[{"embeddable":true,"href":"https:\/\/ace-of-diamonds.com\/en\/wp-json\/wp\/v2\/comments?post=625"}],"version-history":[{"count":18,"href":"https:\/\/ace-of-diamonds.com\/en\/wp-json\/wp\/v2\/pages\/625\/revisions"}],"predecessor-version":[{"id":1697,"href":"https:\/\/ace-of-diamonds.com\/en\/wp-json\/wp\/v2\/pages\/625\/revisions\/1697"}],"up":[{"embeddable":true,"href":"https:\/\/ace-of-diamonds.com\/en\/wp-json\/wp\/v2\/pages\/382"}],"wp:attachment":[{"href":"https:\/\/ace-of-diamonds.com\/en\/wp-json\/wp\/v2\/media?parent=625"}],"curies":[{"name":"wp","href":"https:\/\/api.w.org\/{rel}","templated":true}]}}